{"id":68840,"date":"2025-07-15T08:19:54","date_gmt":"2025-07-15T06:19:54","guid":{"rendered":"https:\/\/rj-trucks-machinery.wemexcloud.nl\/?page_id=68840"},"modified":"2025-11-26T10:23:40","modified_gmt":"2025-11-26T09:23:40","slug":"erklarung-zum-datenschutz","status":"publish","type":"page","link":"https:\/\/rj-trucks-machinery.wemexcloud.nl\/de\/erklarung-zum-datenschutz\/","title":{"rendered":"Erkl\u00e4rung zum Datenschutz"},"content":{"rendered":"<h1 class=\"wp-block-heading\">Erkl\u00e4rung zum Datenschutz<\/h1>\n\n\n\n<p>RJ Trucks &amp; Machinery, hieronder worden bovenstaande handelsnamen onder verstaan, is verantwoordelijk voor de verwerking van persoonsgegevens zoals weergegeven in deze privacyverklaring.<\/p>\n\n\n\n<h3 class=\"wp-block-heading\">Pers\u00f6nliche Daten<\/h3>\n\n\n\n<p>Unter personenbezogenen Daten verstehen wir alle Daten, die es erm\u00f6glichen, Personen individuell zu identifizieren.<\/p>\n\n\n\n<p>Wir verarbeiten Ihre personenbezogenen Daten, weil Sie unsere Dienste in Anspruch nehmen und\/oder weil Sie sie uns selbst zur Verf\u00fcgung stellen. Im Folgenden finden Sie einen \u00dcberblick \u00fcber die personenbezogenen Daten, die wir verarbeiten:<\/p>\n\n\n\n<ul class=\"wp-block-list\">\n<li>Name des Unternehmens<\/li>\n\n\n\n<li>Vorname und Nachname<\/li>\n\n\n\n<li>Angaben zur Adresse<\/li>\n\n\n\n<li>Rufnummer<\/li>\n\n\n\n<li>E-Mail Adresse<\/li>\n\n\n\n<li>Sonstige personenbezogene Daten, die Sie uns aktiv zur Verf\u00fcgung stellen, z. B. durch Schriftverkehr und telefonischen Kontakt.<\/li>\n<\/ul>\n\n\n\n<h3 class=\"wp-block-heading\">Besondere und\/oder sensible personenbezogene Daten<\/h3>\n\n\n\n<p>Wir verarbeiten personenbezogene Daten von Minderj\u00e4hrigen (Personen unter 16 Jahren) nur, wenn die schriftliche Zustimmung der Eltern, des Vormunds oder des gesetzlichen Vertreters vorliegt. Wenn Sie davon \u00fcberzeugt sind, dass wir personenbezogene Daten eines Minderj\u00e4hrigen ohne eine solche Einwilligung erhoben haben, kontaktieren Sie uns bitte und wir werden diese Informationen l\u00f6schen.<\/p>\n\n\n\n<h3 class=\"wp-block-heading\">Verarbeitung von personenbezogenen Daten<\/h3>\n\n\n\n<p>Wir verarbeiten Ihre personenbezogenen Daten f\u00fcr die folgenden Zwecke:<\/p>\n\n\n\n<ul class=\"wp-block-list\">\n<li>Versenden unseres Newsletters.<\/li>\n\n\n\n<li>Sie anzurufen oder per E-Mail zu kontaktieren, wenn dies f\u00fcr die Erbringung unserer Dienstleistungen erforderlich ist.<\/li>\n\n\n\n<li>Sie \u00fcber \u00c4nderungen unserer Dienstleistungen und Produkte zu informieren.<\/li>\n\n\n\n<li>Zur Lieferung von Waren und Dienstleistungen an Sie.<\/li>\n\n\n\n<li>Wir verarbeiten auch personenbezogene Daten, wenn wir gesetzlich dazu verpflichtet sind, wie z. B. Daten, die wir f\u00fcr unsere Steuererkl\u00e4rung ben\u00f6tigen.<\/li>\n<\/ul>\n\n\n\n<h3 class=\"wp-block-heading\">Automatisierte Entscheidungsfindung<\/h3>\n\n\n\n<p>Wij nemen geen besluiten op basis van geautomatiseerde verwerkingen over zaken die (aanzienlijke) gevolgen kunnen hebben voor personen. Het gaat hier om besluiten die worden genomen door computerprogramma\u2019s of -systemen, zonder dat daar een mens (bijvoorbeeld een medewerker van RJ Trucks &amp; Machinery tussen zit.<\/p>\n\n\n\n<h3 class=\"wp-block-heading\">Wie lange wir personenbezogene Daten aufbewahren<\/h3>\n\n\n\n<p>Wir bewahren Ihre personenbezogenen Daten nicht l\u00e4nger auf, als es f\u00fcr die Erf\u00fcllung der Zwecke, f\u00fcr die Ihre Daten erhoben wurden, unbedingt erforderlich ist.<\/p>\n\n\n\n<h3 class=\"wp-block-heading\">Weitergabe personenbezogener Daten an Dritte<\/h3>\n\n\n\n<p>RJ Trucks &amp; Machinery verkoopt uw gegevens niet aan derden en zal deze uitsluitend verstrekken indien dit nodig is voor de uitvoering van onze overeenkomst met u of om te voldoen aan een wettelijke verplichting. Met bedrijven die uw gegevens verwerken in onze opdracht, sluiten wij een verwerkersovereenkomst om te zorgen voor eenzelfde niveau van beveiliging en vertrouwelijkheid van uw gegevens. Wij blijven verantwoordelijk voor deze verwerkingen. Wij verstrekken geen persoonsgegevens aan partijen welke gevestigd zijn buiten de EU.<\/p>\n\n\n\n<h3 class=\"wp-block-heading\">Ihr Besuch auf unserer Website<\/h3>\n\n\n\n<p>Unser Hauptzweck bei der Erfassung von Informationen ist es, den Besuch unserer Website zu erleichtern. Es werden nur Informationen aufgezeichnet, die wir zur Erreichung dieses Zwecks f\u00fcr notwendig erachten. Sie sind nicht verpflichtet, diese Informationen weiterzugeben.<\/p>\n\n\n\n<h3 class=\"wp-block-heading\">Speichern von Informationen<\/h3>\n\n\n\n<p>Wenn Sie diese Website besuchen, k\u00f6nnen wir bestimmte Informationen \u00fcber Ihren Besuch speichern. Dazu geh\u00f6ren:<\/p>\n\n\n\n<ul class=\"wp-block-list\">\n<li>Die IP-Adresse - nicht auf Sie als Person zur\u00fcckf\u00fchrbar<\/li>\n\n\n\n<li>Der Internetdienstanbieter (ISP)<\/li>\n\n\n\n<li>Die Dauer des Besuchs<\/li>\n\n\n\n<li>Besuchte Seiten<\/li>\n\n\n\n<li>Die Einstiegs-\/Ausstiegsseite<\/li>\n\n\n\n<li>Die Anzahl der Besuche auf der Website<\/li>\n\n\n\n<li>Das verwendete Ger\u00e4t<\/li>\n\n\n\n<li>Informationen \u00fcber das Betriebssystem<\/li>\n\n\n\n<li>Informationen zum Internet-Browser<\/li>\n<\/ul>\n\n\n\n<p>Diese Informationen werden zu statistischen Zwecken verwendet. Dazu geh\u00f6ren Google Analytics, Google Adwords, Remarketing Google Adwords, Hotjar (Tool zur Nutzung der Website) und leads.vzw (Tool zur Erfassung der Website-Nutzung und des Website-Verhaltens). Auf einigen Seiten werden Sie aufgefordert, Informationen wie Name und Kontaktdaten zu hinterlassen. Zum Beispiel, wenn Sie den Newsletter abonnieren, ein Whitepaper oder andere Unterlagen herunterladen. In diesen F\u00e4llen bitten wir Sie ausdr\u00fccklich um die Erlaubnis, Ihre Daten f\u00fcr Marketingzwecke zu verwenden. Sie erhalten eine entsprechende Best\u00e4tigung per E-Mail. Jedes Mal, wenn Sie angesprochen werden, k\u00f6nnen Sie sich wieder abmelden.<\/p>\n\n\n\n<h3 class=\"wp-block-heading\">Google Analytics<\/h3>\n\n\n\n<p>Auf unserer Website wird im Rahmen des Dienstes \"Analytics\" ein Cookie von dem amerikanischen Unternehmen Google gesetzt. Wir nutzen diesen Dienst, um zu verfolgen, wie Besucher die Website nutzen und um Berichte dar\u00fcber zu erhalten. Google kann diese Informationen an Dritte weitergeben, wenn Google gesetzlich dazu verpflichtet ist oder soweit Dritte die Informationen im Auftrag von Google verarbeiten. Hierauf haben wir keinen Einfluss. Die von Google gesammelten Informationen werden so weit wie m\u00f6glich anonymisiert. Ihre IP-Adresse wird ausdr\u00fccklich nicht mitgeteilt und die Informationen k\u00f6nnen nicht auf Sie als Person zur\u00fcckgef\u00fchrt werden. Die Informationen werden an Google \u00fcbermittelt und von Google auf Servern in den Vereinigten Staaten gespeichert. Google erkl\u00e4rt, dass es sich an die Grunds\u00e4tze des Privacy Shield h\u00e4lt und dem Privacy-Shield-Programm des US-Handelsministeriums angeschlossen ist. Dies bedeutet, dass ein angemessenes Schutzniveau f\u00fcr die Verarbeitung personenbezogener Daten besteht.<\/p>\n\n\n\n<h3 class=\"wp-block-heading\">Soziale Medien<\/h3>\n\n\n\n<p>Unsere Website enth\u00e4lt Schaltfl\u00e4chen zum Bewerben (\"Gef\u00e4llt mir\") oder Teilen (\"Tweeten\") von Webseiten in sozialen Netzwerken. Diese Schaltfl\u00e4chen funktionieren \u00fcber Codeschnipsel, die von den sozialen Medien selbst stammen.<\/p>\n\n\n\n<p>Mittels dieses Codes werden Cookies gesetzt. Wir haben keinen Einfluss auf diese. Bitte lesen Sie die Datenschutzerkl\u00e4rung der sozialen Medien, um zu erfahren, was sie mit Ihren (pers\u00f6nlichen) Daten machen, die sie durch diese Cookies verarbeiten. Die von ihnen gesammelten Informationen werden so weit wie m\u00f6glich anonymisiert. Die Informationen werden an Twitter, Facebook, Google+ und LinkedIn \u00fcbertragen und dort auf Servern in den Vereinigten Staaten gespeichert. LinkedIn, Twitter, Facebook und Google+ halten sich an die Grunds\u00e4tze des Privacy Shield und sind Mitglieder des Privacy-Shield-Programms des US-Handelsministeriums.<\/p>\n\n\n\n<p>Von dieser Regel gibt es Ausnahmen:<\/p>\n\n\n\n<ul class=\"wp-block-list\">\n<li>Wenn Sie uns ausdr\u00fccklich die Erlaubnis dazu erteilt haben<\/li>\n\n\n\n<li>Hierf\u00fcr gibt es rechtliche Gr\u00fcnde.<\/li>\n<\/ul>\n\n\n\n<h3 class=\"wp-block-heading\">Sicherung von personenbezogenen Daten<\/h3>\n\n\n\n<p>Wir nehmen den Schutz Ihrer Daten ernst und ergreifen geeignete Ma\u00dfnahmen, um Missbrauch, Verlust, unbefugtem Zugriff, unerw\u00fcnschter Offenlegung und unbefugter Ver\u00e4nderung entgegenzuwirken. Sollten Sie dennoch den Eindruck haben, dass Ihre Daten nicht ordnungsgem\u00e4\u00df gesichert sind oder es Anzeichen f\u00fcr einen Missbrauch gibt, wenden Sie sich bitte an uns.<\/p>\n\n\n\n<h3 class=\"wp-block-heading\">Rechte in Bezug auf Ihre Daten<\/h3>\n\n\n\n<p>Sie haben das Recht, die personenbezogenen Daten, die wir von Ihnen erhalten haben, einzusehen, zu berichtigen oder zu l\u00f6schen. Sie k\u00f6nnen auch der Verarbeitung aller oder eines Teils Ihrer personenbezogenen Daten durch uns oder einen unserer Auftragsverarbeiter widersprechen. Sie haben auch das Recht, dass wir die Daten, die Sie sich selbst oder in Ihrem Namen zur Verf\u00fcgung gestellt haben, direkt an eine andere Partei weitergeben. Wir k\u00f6nnen Sie bitten, sich zu identifizieren, bevor wir den vorgenannten Antr\u00e4gen nachkommen k\u00f6nnen. Sollten wir Ihre personenbezogenen Daten auf der Grundlage einer von Ihnen zu diesem Zweck erteilten Einwilligung verarbeiten, haben Sie jederzeit das Recht, diese Einwilligung zu widerrufen.<\/p>\n\n\n\n<h3 class=\"wp-block-heading\">Fragen<\/h3>\n\n\n\n<p>Als u naar aanleiding van onze Privacyverklaring nog vragen of opmerkingen heeft neem dan contact met ons op.<\/p>","protected":false},"excerpt":{"rendered":"<p>Privacyverklaring RJ Trucks &amp; Machinery, hieronder worden bovenstaande handelsnamen onder verstaan, is verantwoordelijk voor de verwerking van persoonsgegevens zoals weergegeven in deze privacyverklaring. Persoonsgegevens Onder persoonsgegevens verstaan wij alle gegevens waarmee personen individueel te identificeren zijn. Wij verwerken uw persoonsgegevens doordat u gebruik maakt van onze diensten en\/of omdat u deze gegevens zelf aan ons [&hellip;]<\/p>","protected":false},"author":2,"featured_media":0,"parent":0,"menu_order":0,"comment_status":"closed","ping_status":"closed","template":"","meta":{"_acf_changed":false,"footnotes":""},"class_list":["post-68840","page","type-page","status-publish","hentry"],"acf":[],"_links":{"self":[{"href":"https:\/\/rj-trucks-machinery.wemexcloud.nl\/de\/wp-json\/wp\/v2\/pages\/68840","targetHints":{"allow":["GET"]}}],"collection":[{"href":"https:\/\/rj-trucks-machinery.wemexcloud.nl\/de\/wp-json\/wp\/v2\/pages"}],"about":[{"href":"https:\/\/rj-trucks-machinery.wemexcloud.nl\/de\/wp-json\/wp\/v2\/types\/page"}],"author":[{"embeddable":true,"href":"https:\/\/rj-trucks-machinery.wemexcloud.nl\/de\/wp-json\/wp\/v2\/users\/2"}],"replies":[{"embeddable":true,"href":"https:\/\/rj-trucks-machinery.wemexcloud.nl\/de\/wp-json\/wp\/v2\/comments?post=68840"}],"version-history":[{"count":3,"href":"https:\/\/rj-trucks-machinery.wemexcloud.nl\/de\/wp-json\/wp\/v2\/pages\/68840\/revisions"}],"predecessor-version":[{"id":84557,"href":"https:\/\/rj-trucks-machinery.wemexcloud.nl\/de\/wp-json\/wp\/v2\/pages\/68840\/revisions\/84557"}],"wp:attachment":[{"href":"https:\/\/rj-trucks-machinery.wemexcloud.nl\/de\/wp-json\/wp\/v2\/media?parent=68840"}],"curies":[{"name":"wp","href":"https:\/\/api.w.org\/{rel}","templated":true}]}}